{"id":881,"date":"2025-04-29T16:36:27","date_gmt":"2025-04-29T14:36:27","guid":{"rendered":"https:\/\/vendangesdu7emeart.fr\/?page_id=881"},"modified":"2025-04-29T17:37:19","modified_gmt":"2025-04-29T15:37:19","slug":"jean-pierre-lavoignat-2","status":"publish","type":"page","link":"https:\/\/vendangesdu7emeart.fr\/index.php\/jean-pierre-lavoignat-2\/","title":{"rendered":"Jean-Pierre Lavoignat"},"content":{"rendered":"\t\t<div data-elementor-type=\"wp-page\" data-elementor-id=\"881\" class=\"elementor elementor-881\">\n\t\t\t\t<div class=\"elementor-element elementor-element-1ef4726 e-flex e-con-boxed e-con e-parent\" data-id=\"1ef4726\" data-element_type=\"container\">\n\t\t\t\t\t<div class=\"e-con-inner\">\n\t\t\t\t<div class=\"elementor-element elementor-element-761f8ba elementor-widget elementor-widget-heading\" data-id=\"761f8ba\" data-element_type=\"widget\" data-widget_type=\"heading.default\">\n\t\t\t\t<div class=\"elementor-widget-container\">\n\t\t\t\t\t<h2 class=\"elementor-heading-title elementor-size-default\">Invit\u00e9 d'Honneur<\/h2>\t\t\t\t<\/div>\n\t\t\t\t<\/div>\n\t\t\t\t<div class=\"elementor-element elementor-element-34c7ff9 elementor-widget-divider--view-line elementor-widget elementor-widget-divider\" data-id=\"34c7ff9\" data-element_type=\"widget\" data-widget_type=\"divider.default\">\n\t\t\t\t<div class=\"elementor-widget-container\">\n\t\t\t\t\t\t\t<div class=\"elementor-divider\">\n\t\t\t<span class=\"elementor-divider-separator\">\n\t\t\t\t\t\t<\/span>\n\t\t<\/div>\n\t\t\t\t\t\t<\/div>\n\t\t\t\t<\/div>\n\t\t\t\t\t<\/div>\n\t\t\t\t<\/div>\n\t\t<div class=\"elementor-element elementor-element-900e1d6 e-flex e-con-boxed e-con e-parent\" data-id=\"900e1d6\" data-element_type=\"container\">\n\t\t\t\t\t<div class=\"e-con-inner\">\n\t\t<div class=\"elementor-element elementor-element-5bf670a e-con-full e-flex e-con e-child\" data-id=\"5bf670a\" data-element_type=\"container\">\n\t\t\t\t<div class=\"elementor-element elementor-element-cc1eb74 elementor-widget elementor-widget-image\" data-id=\"cc1eb74\" data-element_type=\"widget\" data-widget_type=\"image.default\">\n\t\t\t\t<div class=\"elementor-widget-container\">\n\t\t\t\t\t\t\t\t\t\t\t\t\t\t\t<img fetchpriority=\"high\" decoding=\"async\" width=\"580\" height=\"580\" src=\"https:\/\/vendangesdu7emeart.fr\/wp-content\/uploads\/2025\/04\/JEAN-PIERRE-LAVOIGNAT.png\" class=\"attachment-large size-large wp-image-933\" alt=\"\" srcset=\"https:\/\/vendangesdu7emeart.fr\/wp-content\/uploads\/2025\/04\/JEAN-PIERRE-LAVOIGNAT.png 823w, https:\/\/vendangesdu7emeart.fr\/wp-content\/uploads\/2025\/04\/JEAN-PIERRE-LAVOIGNAT-300x300.png 300w, https:\/\/vendangesdu7emeart.fr\/wp-content\/uploads\/2025\/04\/JEAN-PIERRE-LAVOIGNAT-150x150.png 150w, https:\/\/vendangesdu7emeart.fr\/wp-content\/uploads\/2025\/04\/JEAN-PIERRE-LAVOIGNAT-768x768.png 768w\" sizes=\"(max-width: 580px) 100vw, 580px\" \/>\t\t\t\t\t\t\t\t\t\t\t\t\t\t\t<\/div>\n\t\t\t\t<\/div>\n\t\t\t\t<\/div>\n\t\t<div class=\"elementor-element elementor-element-cde11e0 e-con-full e-flex e-con e-child\" data-id=\"cde11e0\" data-element_type=\"container\">\n\t\t\t\t<div class=\"elementor-element elementor-element-8fcc59d elementor-widget elementor-widget-text-editor\" data-id=\"8fcc59d\" data-element_type=\"widget\" data-widget_type=\"text-editor.default\">\n\t\t\t\t<div class=\"elementor-widget-container\">\n\t\t\t\t\t\t\t\t\t<p style=\"text-align: center;\"><strong>Jean-Pierre Lavoignat<\/strong><br \/><em>Auteur, journaliste<\/em><\/p><p><strong>Jean-Pierre Lavoignat<\/strong>, commissaire de l\u2019exposition Romy Schneider \u00e0 Boulogne-Billancourt en 2011 et auteur d\u2019une biographie illustr\u00e9e (<em>Romy<\/em>, Flammarion, 2018 ), publi\u00e9e en collaboration avec la fille de l\u2019actrice, Sarah Biasini. Il publie \u00e0 l\u2019automne 2022\u00a0<em>Romy Schneider et Claude Sautet. Un coup de foudre cr\u00e9atif<\/em>\u00a0(La Martini\u00e8re).<\/p><p>En 2024, il publie l&#8217;\u0153uvre<em> Le Splendid par le Spendid, nous nous sommes tant\u00a0 marr\u00e9s !<\/em> (Le Cherche-Midi) dans lequel cette saga est racont\u00e9e par les artistes eux-m\u00eames, cinquante ans apr\u00e8s la naissance de la troupe.<\/p><p><em>\u00a9Christophe Brachet<\/em><\/p>\t\t\t\t\t\t\t\t<\/div>\n\t\t\t\t<\/div>\n\t\t\t\t<\/div>\n\t\t\t\t\t<\/div>\n\t\t\t\t<\/div>\n\t\t\t\t<\/div>\n\t\t","protected":false},"excerpt":{"rendered":"<p>Invit\u00e9 d&#8217;Honneur Jean-Pierre LavoignatAuteur, journaliste Jean-Pierre Lavoignat, commissaire de l\u2019exposition Romy Schneider \u00e0 Boulogne-Billancourt en 2011 et auteur d\u2019une biographie illustr\u00e9e (Romy, Flammarion, 2018 ), publi\u00e9e en collaboration avec la fille de l\u2019actrice, Sarah Biasini. Il publie \u00e0 l\u2019automne 2022\u00a0Romy Schneider et Claude Sautet. Un coup de foudre cr\u00e9atif\u00a0(La Martini\u00e8re). En 2024, il publie l&#8217;\u0153uvre [&hellip;]<\/p>\n","protected":false},"author":1,"featured_media":0,"parent":0,"menu_order":0,"comment_status":"closed","ping_status":"closed","template":"elementor_header_footer","meta":{"footnotes":""},"class_list":["post-881","page","type-page","status-publish","hentry"],"_links":{"self":[{"href":"https:\/\/vendangesdu7emeart.fr\/index.php\/wp-json\/wp\/v2\/pages\/881","targetHints":{"allow":["GET"]}}],"collection":[{"href":"https:\/\/vendangesdu7emeart.fr\/index.php\/wp-json\/wp\/v2\/pages"}],"about":[{"href":"https:\/\/vendangesdu7emeart.fr\/index.php\/wp-json\/wp\/v2\/types\/page"}],"author":[{"embeddable":true,"href":"https:\/\/vendangesdu7emeart.fr\/index.php\/wp-json\/wp\/v2\/users\/1"}],"replies":[{"embeddable":true,"href":"https:\/\/vendangesdu7emeart.fr\/index.php\/wp-json\/wp\/v2\/comments?post=881"}],"version-history":[{"count":7,"href":"https:\/\/vendangesdu7emeart.fr\/index.php\/wp-json\/wp\/v2\/pages\/881\/revisions"}],"predecessor-version":[{"id":939,"href":"https:\/\/vendangesdu7emeart.fr\/index.php\/wp-json\/wp\/v2\/pages\/881\/revisions\/939"}],"wp:attachment":[{"href":"https:\/\/vendangesdu7emeart.fr\/index.php\/wp-json\/wp\/v2\/media?parent=881"}],"curies":[{"name":"wp","href":"https:\/\/api.w.org\/{rel}","templated":true}]}}