{"id":851,"date":"2025-04-29T16:03:51","date_gmt":"2025-04-29T14:03:51","guid":{"rendered":"https:\/\/vendangesdu7emeart.fr\/?page_id=851"},"modified":"2025-06-18T17:33:12","modified_gmt":"2025-06-18T15:33:12","slug":"patrick-bruel-3","status":"publish","type":"page","link":"https:\/\/vendangesdu7emeart.fr\/index.php\/patrick-bruel-3\/","title":{"rendered":"Patrick Bruel"},"content":{"rendered":"\t\t<div data-elementor-type=\"wp-page\" data-elementor-id=\"851\" class=\"elementor elementor-851\">\n\t\t\t\t<div class=\"elementor-element elementor-element-1ef4726 e-flex e-con-boxed e-con e-parent\" data-id=\"1ef4726\" data-element_type=\"container\">\n\t\t\t\t\t<div class=\"e-con-inner\">\n\t\t\t\t<div class=\"elementor-element elementor-element-761f8ba elementor-widget elementor-widget-heading\" data-id=\"761f8ba\" data-element_type=\"widget\" data-widget_type=\"heading.default\">\n\t\t\t\t<div class=\"elementor-widget-container\">\n\t\t\t\t\t<h2 class=\"elementor-heading-title elementor-size-default\">Invit\u00e9 d'Honneur<\/h2>\t\t\t\t<\/div>\n\t\t\t\t<\/div>\n\t\t\t\t<div class=\"elementor-element elementor-element-34c7ff9 elementor-widget-divider--view-line elementor-widget elementor-widget-divider\" data-id=\"34c7ff9\" data-element_type=\"widget\" data-widget_type=\"divider.default\">\n\t\t\t\t<div class=\"elementor-widget-container\">\n\t\t\t\t\t\t\t<div class=\"elementor-divider\">\n\t\t\t<span class=\"elementor-divider-separator\">\n\t\t\t\t\t\t<\/span>\n\t\t<\/div>\n\t\t\t\t\t\t<\/div>\n\t\t\t\t<\/div>\n\t\t\t\t\t<\/div>\n\t\t\t\t<\/div>\n\t\t<div class=\"elementor-element elementor-element-900e1d6 e-flex e-con-boxed e-con e-parent\" data-id=\"900e1d6\" data-element_type=\"container\">\n\t\t\t\t\t<div class=\"e-con-inner\">\n\t\t<div class=\"elementor-element elementor-element-5bf670a e-con-full e-flex e-con e-child\" data-id=\"5bf670a\" data-element_type=\"container\">\n\t\t\t\t<div class=\"elementor-element elementor-element-cc1eb74 elementor-widget elementor-widget-image\" data-id=\"cc1eb74\" data-element_type=\"widget\" data-widget_type=\"image.default\">\n\t\t\t\t<div class=\"elementor-widget-container\">\n\t\t\t\t\t\t\t\t\t\t\t\t\t\t\t<img fetchpriority=\"high\" decoding=\"async\" width=\"580\" height=\"580\" src=\"https:\/\/vendangesdu7emeart.fr\/wp-content\/uploads\/2025\/04\/PATRICK-BRUEL.png\" class=\"attachment-large size-large wp-image-814\" alt=\"\" srcset=\"https:\/\/vendangesdu7emeart.fr\/wp-content\/uploads\/2025\/04\/PATRICK-BRUEL.png 823w, https:\/\/vendangesdu7emeart.fr\/wp-content\/uploads\/2025\/04\/PATRICK-BRUEL-300x300.png 300w, https:\/\/vendangesdu7emeart.fr\/wp-content\/uploads\/2025\/04\/PATRICK-BRUEL-150x150.png 150w, https:\/\/vendangesdu7emeart.fr\/wp-content\/uploads\/2025\/04\/PATRICK-BRUEL-768x768.png 768w\" sizes=\"(max-width: 580px) 100vw, 580px\" \/>\t\t\t\t\t\t\t\t\t\t\t\t\t\t\t<\/div>\n\t\t\t\t<\/div>\n\t\t\t\t<\/div>\n\t\t<div class=\"elementor-element elementor-element-cde11e0 e-con-full e-flex e-con e-child\" data-id=\"cde11e0\" data-element_type=\"container\">\n\t\t\t\t<div class=\"elementor-element elementor-element-8fcc59d elementor-widget elementor-widget-text-editor\" data-id=\"8fcc59d\" data-element_type=\"widget\" data-widget_type=\"text-editor.default\">\n\t\t\t\t<div class=\"elementor-widget-container\">\n\t\t\t\t\t\t\t\t\t<p style=\"text-align: center;\"><strong>Patrick Bruel<\/strong><br \/><em>Acteur, compositeur, interpr\u00e8te<\/em><\/p><p>Transformer les d\u00e9fis en opportunit\u00e9s est une qualit\u00e9 que l\u2019artiste aux multiples facettes Patrick Bruel, n\u00e9 \u00e0 Tlemcen en Alg\u00e9rie en 1959, cultive depuis son plus jeune \u00e2ge. Passionn\u00e9 de musique et de com\u00e9die, il se fait connaitre du grand public en 1983 gr\u00e2ce \u00e0 son r\u00f4le dans Le Coup de sirocco d&#8217;Alexandre Arcady. Tandis que le cin\u00e9ma lui ouvre ses portes, il connait un succ\u00e8s fulgurant dans la chanson avec l&#8217;album Alors regarde, qui marque le d\u00e9but du ph\u00e9nom\u00e8ne Bruel. Artiste complet, il jongle entre les plateaux de tournage et les sc\u00e8nes de concert, enchainant les r\u00f4les marquants dans des films tels que K (Alexandre Arcady), Le Lait de la tendresse humaine (Dominique Cabrera) ou encore Le Pr\u00e9nom (Alexandre de La Patelli\u00e8re et Matthieu Delaporte), qui lui vaut une nomination au C\u00e9sar du meilleur acteur. Passionn\u00e9 par les mots et la transmission, Patrick Bruel se distingue \u00e9galement au th\u00e9\u00e2tre (Le Limier, lnconnu \u00e0 cette adresse) et \u00e0 la t\u00e9l\u00e9vision, notamment dans les drames historiques Un secret et Le Collier rouge. En parall\u00e8le, il poursuit une carri\u00e8re musicale prolifique, explorant avec succ\u00e8s la vari\u00e9t\u00e9, le jazz et la chanson fran\u00e7aise. Son dernier album, en r\u00e9sonance avec son temps, t\u00e9moigne de son engagement artistique et de sa proximit\u00e9 avec son public. En 2021, il incarne un avocat influent dans Villa Caprice, un r\u00f4le intense qui confirme son talent pour les personnages nuanc\u00e9s. Invit\u00e9 d&#8217;honneur de cette 10eme \u00e9dition du Festival Les Vendanges du 7\u00e8me Art,<\/p><p>Patrick Bruel viendra pr\u00e9senter ce film lors de la projection gratuite en plein air et partager avec le public sa passion du cin\u00e9ma. Nous aurons \u00e9galement le plaisir de l&#8217;accueillir pour une Master Class anim\u00e9e par Jean-Paul Lavoignat.<\/p><p><em><strong>Retrouvez Patrick Bruel lors de sa Master Class mercredi 9 juillet \u00e0 18h au Ch\u00e2teau Grand-Puy Ducasse, anim\u00e9e par Jean-Pierre Lavoignat (entr\u00e9e sur pr\u00e9sentation d&#8217;un billet \u00e0 retirer \u00e0 la caisse du Cin\u00e9ma l&#8217;\u00c9den aux jours et heures des s\u00e9ances).<\/strong><\/em><\/p><p><em>\u00a9Fred de Pontcharra<\/em><\/p>\t\t\t\t\t\t\t\t<\/div>\n\t\t\t\t<\/div>\n\t\t\t\t<\/div>\n\t\t\t\t\t<\/div>\n\t\t\t\t<\/div>\n\t\t\t\t<\/div>\n\t\t","protected":false},"excerpt":{"rendered":"<p>Invit\u00e9 d&#8217;Honneur Patrick BruelActeur, compositeur, interpr\u00e8te Transformer les d\u00e9fis en opportunit\u00e9s est une qualit\u00e9 que l\u2019artiste aux multiples facettes Patrick Bruel, n\u00e9 \u00e0 Tlemcen en Alg\u00e9rie en 1959, cultive depuis son plus jeune \u00e2ge. Passionn\u00e9 de musique et de com\u00e9die, il se fait connaitre du grand public en 1983 gr\u00e2ce \u00e0 son r\u00f4le dans Le [&hellip;]<\/p>\n","protected":false},"author":1,"featured_media":0,"parent":0,"menu_order":0,"comment_status":"closed","ping_status":"closed","template":"elementor_header_footer","meta":{"footnotes":""},"class_list":["post-851","page","type-page","status-publish","hentry"],"_links":{"self":[{"href":"https:\/\/vendangesdu7emeart.fr\/index.php\/wp-json\/wp\/v2\/pages\/851","targetHints":{"allow":["GET"]}}],"collection":[{"href":"https:\/\/vendangesdu7emeart.fr\/index.php\/wp-json\/wp\/v2\/pages"}],"about":[{"href":"https:\/\/vendangesdu7emeart.fr\/index.php\/wp-json\/wp\/v2\/types\/page"}],"author":[{"embeddable":true,"href":"https:\/\/vendangesdu7emeart.fr\/index.php\/wp-json\/wp\/v2\/users\/1"}],"replies":[{"embeddable":true,"href":"https:\/\/vendangesdu7emeart.fr\/index.php\/wp-json\/wp\/v2\/comments?post=851"}],"version-history":[{"count":13,"href":"https:\/\/vendangesdu7emeart.fr\/index.php\/wp-json\/wp\/v2\/pages\/851\/revisions"}],"predecessor-version":[{"id":1466,"href":"https:\/\/vendangesdu7emeart.fr\/index.php\/wp-json\/wp\/v2\/pages\/851\/revisions\/1466"}],"wp:attachment":[{"href":"https:\/\/vendangesdu7emeart.fr\/index.php\/wp-json\/wp\/v2\/media?parent=851"}],"curies":[{"name":"wp","href":"https:\/\/api.w.org\/{rel}","templated":true}]}}