{"id":1391,"date":"2025-06-18T12:32:53","date_gmt":"2025-06-18T10:32:53","guid":{"rendered":"https:\/\/vendangesdu7emeart.fr\/?page_id=1391"},"modified":"2025-06-18T17:23:45","modified_gmt":"2025-06-18T15:23:45","slug":"pierre-arditi-2","status":"publish","type":"page","link":"https:\/\/vendangesdu7emeart.fr\/index.php\/pierre-arditi-2\/","title":{"rendered":"Pierre Arditi"},"content":{"rendered":"\t\t<div data-elementor-type=\"wp-page\" data-elementor-id=\"1391\" class=\"elementor elementor-1391\">\n\t\t\t\t<div class=\"elementor-element elementor-element-1ef4726 e-flex e-con-boxed e-con e-parent\" data-id=\"1ef4726\" data-element_type=\"container\">\n\t\t\t\t\t<div class=\"e-con-inner\">\n\t\t\t\t<div class=\"elementor-element elementor-element-761f8ba elementor-widget elementor-widget-heading\" data-id=\"761f8ba\" data-element_type=\"widget\" data-widget_type=\"heading.default\">\n\t\t\t\t<div class=\"elementor-widget-container\">\n\t\t\t\t\t<h2 class=\"elementor-heading-title elementor-size-default\">Invit\u00e9 d'Honneur<\/h2>\t\t\t\t<\/div>\n\t\t\t\t<\/div>\n\t\t\t\t<div class=\"elementor-element elementor-element-34c7ff9 elementor-widget-divider--view-line elementor-widget elementor-widget-divider\" data-id=\"34c7ff9\" data-element_type=\"widget\" data-widget_type=\"divider.default\">\n\t\t\t\t<div class=\"elementor-widget-container\">\n\t\t\t\t\t\t\t<div class=\"elementor-divider\">\n\t\t\t<span class=\"elementor-divider-separator\">\n\t\t\t\t\t\t<\/span>\n\t\t<\/div>\n\t\t\t\t\t\t<\/div>\n\t\t\t\t<\/div>\n\t\t\t\t\t<\/div>\n\t\t\t\t<\/div>\n\t\t<div class=\"elementor-element elementor-element-900e1d6 e-flex e-con-boxed e-con e-parent\" data-id=\"900e1d6\" data-element_type=\"container\">\n\t\t\t\t\t<div class=\"e-con-inner\">\n\t\t<div class=\"elementor-element elementor-element-5bf670a e-con-full e-flex e-con e-child\" data-id=\"5bf670a\" data-element_type=\"container\">\n\t\t\t\t<div class=\"elementor-element elementor-element-cc1eb74 elementor-widget elementor-widget-image\" data-id=\"cc1eb74\" data-element_type=\"widget\" data-widget_type=\"image.default\">\n\t\t\t\t<div class=\"elementor-widget-container\">\n\t\t\t\t\t\t\t\t\t\t\t\t\t\t\t<img fetchpriority=\"high\" decoding=\"async\" width=\"580\" height=\"580\" src=\"https:\/\/vendangesdu7emeart.fr\/wp-content\/uploads\/2025\/06\/PIERRE-ARDITI.png\" class=\"attachment-large size-large wp-image-1331\" alt=\"\" srcset=\"https:\/\/vendangesdu7emeart.fr\/wp-content\/uploads\/2025\/06\/PIERRE-ARDITI.png 823w, https:\/\/vendangesdu7emeart.fr\/wp-content\/uploads\/2025\/06\/PIERRE-ARDITI-300x300.png 300w, https:\/\/vendangesdu7emeart.fr\/wp-content\/uploads\/2025\/06\/PIERRE-ARDITI-150x150.png 150w, https:\/\/vendangesdu7emeart.fr\/wp-content\/uploads\/2025\/06\/PIERRE-ARDITI-768x768.png 768w\" sizes=\"(max-width: 580px) 100vw, 580px\" \/>\t\t\t\t\t\t\t\t\t\t\t\t\t\t\t<\/div>\n\t\t\t\t<\/div>\n\t\t\t\t<\/div>\n\t\t<div class=\"elementor-element elementor-element-cde11e0 e-con-full e-flex e-con e-child\" data-id=\"cde11e0\" data-element_type=\"container\">\n\t\t\t\t<div class=\"elementor-element elementor-element-8fcc59d elementor-widget elementor-widget-text-editor\" data-id=\"8fcc59d\" data-element_type=\"widget\" data-widget_type=\"text-editor.default\">\n\t\t\t\t<div class=\"elementor-widget-container\">\n\t\t\t\t\t\t\t\t\t<p style=\"text-align: center;\"><strong>Pierre Arditi<\/strong><br \/><em>Acteur<\/em><\/p><p>N\u00e9 \u00e0 Paris en 1944, Pierre Arditi est une figure incontournable du paysage artistique fran\u00e7ais. Il se destine d&#8217;abord aux lettres et \u00e0 la sc\u00e8ne avant de trouver sa voie au th\u00e9\u00e2tre, au cin\u00e9ma et \u00e0 la t\u00e9l\u00e9vision. Dot\u00e9 d&#8217;une voix reconnaissable entre toutes et d\u2019un regard malicieux, il se distingue par une diction impeccable, une \u00e9l\u00e9gance naturelle et un sens du rythme qui font de lui un com\u00e9dien pris\u00e9 des plus grands metteurs en sc\u00e8ne. Il entame une riche carri\u00e8re au cin\u00e9ma, souvent dirig\u00e9 par Alain Resnais, dont il devient l\u2019un des acteurs f\u00e9tiches dans des films tels que Mon Oncle d&#8217;Am\u00e9rique, M\u00e9lo ou Smoking \/ No Smoking. Ce compagnonnage lui vaut en 1994 le C\u00e9sar du Meilleur acteur.<br \/>Populaire et exigeant, Pierre Arditi alterne com\u00e9dies grand public et r\u00f4les plus dramatiques, que ce soit au cin\u00e9ma ou \u00e0 la t\u00e9l\u00e9vision, o\u00f9 il incarne notamment pendant de nombreuses ann\u00e9es un commissaire dans la s\u00e9rie \u00e0 succ\u00e8s Sauveur Giordano.<br \/>Com\u00e9dien infatigable, il ne cesse de se r\u00e9inventer, passant d\u2019un registre \u00e0 l\u2019autre avec une aisance rare. Sa fid\u00e9lit\u00e9 au th\u00e9\u00e2tre et \u00e0 la langue fran\u00e7aise lui vaut de nombreux honneurs. Figure respect\u00e9e du monde culturel, Pierre Arditi continue d\u2019enchanter les publics par son talent.<\/p><p><em><strong>Retrouvez Pierre Arditi lors de sa Master Class Vendredi 11 juillet \u00e0 16h30 au Cin\u00e9ma l&#8217;\u00c9den, anim\u00e9e par Anne-Claire Cieutat (entr\u00e9e sur pr\u00e9sentation d&#8217;un billet \u00e0 retirer \u00e0 la caisse du Cin\u00e9ma l&#8217;\u00c9den aux jours et heures des s\u00e9ances)<\/strong><\/em><\/p><p><em>\u00a9Thibault Grabherr et Anouchka de Williencourt<\/em><\/p>\t\t\t\t\t\t\t\t<\/div>\n\t\t\t\t<\/div>\n\t\t\t\t<\/div>\n\t\t\t\t\t<\/div>\n\t\t\t\t<\/div>\n\t\t\t\t<\/div>\n\t\t","protected":false},"excerpt":{"rendered":"<p>Invit\u00e9 d&#8217;Honneur Pierre ArditiActeur N\u00e9 \u00e0 Paris en 1944, Pierre Arditi est une figure incontournable du paysage artistique fran\u00e7ais. Il se destine d&#8217;abord aux lettres et \u00e0 la sc\u00e8ne avant de trouver sa voie au th\u00e9\u00e2tre, au cin\u00e9ma et \u00e0 la t\u00e9l\u00e9vision. Dot\u00e9 d&#8217;une voix reconnaissable entre toutes et d\u2019un regard malicieux, il se distingue [&hellip;]<\/p>\n","protected":false},"author":1,"featured_media":0,"parent":0,"menu_order":0,"comment_status":"closed","ping_status":"closed","template":"elementor_header_footer","meta":{"footnotes":""},"class_list":["post-1391","page","type-page","status-publish","hentry"],"_links":{"self":[{"href":"https:\/\/vendangesdu7emeart.fr\/index.php\/wp-json\/wp\/v2\/pages\/1391","targetHints":{"allow":["GET"]}}],"collection":[{"href":"https:\/\/vendangesdu7emeart.fr\/index.php\/wp-json\/wp\/v2\/pages"}],"about":[{"href":"https:\/\/vendangesdu7emeart.fr\/index.php\/wp-json\/wp\/v2\/types\/page"}],"author":[{"embeddable":true,"href":"https:\/\/vendangesdu7emeart.fr\/index.php\/wp-json\/wp\/v2\/users\/1"}],"replies":[{"embeddable":true,"href":"https:\/\/vendangesdu7emeart.fr\/index.php\/wp-json\/wp\/v2\/comments?post=1391"}],"version-history":[{"count":10,"href":"https:\/\/vendangesdu7emeart.fr\/index.php\/wp-json\/wp\/v2\/pages\/1391\/revisions"}],"predecessor-version":[{"id":1448,"href":"https:\/\/vendangesdu7emeart.fr\/index.php\/wp-json\/wp\/v2\/pages\/1391\/revisions\/1448"}],"wp:attachment":[{"href":"https:\/\/vendangesdu7emeart.fr\/index.php\/wp-json\/wp\/v2\/media?parent=1391"}],"curies":[{"name":"wp","href":"https:\/\/api.w.org\/{rel}","templated":true}]}}